{"id":2536,"date":"2023-05-16T17:26:25","date_gmt":"2023-05-16T15:26:25","guid":{"rendered":"https:\/\/www.mecanizadosbp.com\/declaracion-de-accesibilidad\/"},"modified":"2023-06-23T12:32:37","modified_gmt":"2023-06-23T10:32:37","slug":"declaracio-daccessibilitat","status":"publish","type":"page","link":"https:\/\/www.mecanizadosbp.com\/ca\/declaracio-daccessibilitat\/","title":{"rendered":"Declaraci\u00f3 d&#8217;Accessibilitat"},"content":{"rendered":"<p><strong>MECANIZADOS BAIX PENEDES SL<\/strong> s\u2019ha comprom\u00e8s a fer accessible el vostre lloc web de conformitat amb el Reial Decret 1112\/2018, de 7 de setembre, sobre accessibilitat dels llocs web i aplicacions per a dispositius m\u00f2bils del sector p\u00fablic.<\/p>\n<p>Opcions d\u2019accessibilitat disponibles al men\u00fa desplegable a la part superior del lateral esquerre de la web:<\/p>\n<p><img loading=\"lazy\" decoding=\"async\" class=\"aligncenter size-full wp-image-2545\" src=\"https:\/\/www.mecanizadosbp.com\/wp-content\/uploads\/2023\/06\/accesibilitat.jpg\" alt=\"Accesibilitat...\" width=\"245\" height=\"463\" srcset=\"https:\/\/www.mecanizadosbp.com\/wp-content\/uploads\/2023\/06\/accesibilitat.jpg 245w, https:\/\/www.mecanizadosbp.com\/wp-content\/uploads\/2023\/06\/accesibilitat-159x300.jpg 159w\" sizes=\"(max-width: 245px) 100vw, 245px\" \/><\/p>\n<p>Aquesta declaraci\u00f3 d\u2019accessibilitat s\u2019aplica al lloc web\u00a0https:\/\/www.mecanizadosbp.com<\/p>\n<p>&nbsp;<\/p>\n<p><strong>Situaci\u00f3 de compliment<\/strong><br \/>\nAquest lloc web \u00e9s parcialment conforme amb el RD 1112\/2018 a causa de les excepcions i la manca de conformitat dels aspectes que s\u2019indiquen a continuaci\u00f3.<\/p>\n<p>&nbsp;<\/p>\n<p><strong>Contingut no accessible<\/strong><br \/>\nEl contingut que es recull a continuaci\u00f3 no \u00e9s accessible pel seg\u00fcent:<\/p>\n<p>&nbsp;<\/p>\n<p><strong>Manca de conformitat amb el RD 1112\/2018<\/strong><\/p>\n<p>&nbsp;<\/p>\n<ul>\n<li>Hi ha elements que no s\u00f3n accessibles per teclat.<\/li>\n<li>Hi ha elements que no reben el focus.<\/li>\n<li>Hi ha camps de formularis on s\u2019informa de l\u2019error quan s\u2019introdueix un valor incorrecte per\u00f2 no s\u2019informa d\u2019un suggeriment per a la correcci\u00f3.<\/li>\n<li>Hi ha p\u00e0gines on els productes de suport no podran obtenir informaci\u00f3, interactuar i estar al corrent de l\u2019estat dels controls d\u2019interf\u00edcie d\u2019usuari, com ara missatges d\u2019ajuda, missatges d\u2019estat de resultat d\u2019accions, atributs d\u2019enlla\u00e7os , imatge d\u2019idioma de p\u00e0gina\u2026 que no podran ser llegit per lectors de pantalla al moment en qu\u00e8 apareixen.<\/li>\n<li>Podrien haver-hi errors puntuals d\u2019edici\u00f3 en alguna p\u00e0gina web.<\/li>\n<\/ul>\n<p>&nbsp;<\/p>\n<p><strong>Preparaci\u00f3 d\u2019aquesta declaraci\u00f3 d\u2019accessibilitat<\/strong><br \/>\nAquesta declaraci\u00f3 va ser preparada el 09 de mar\u00e7 de 2023.<br \/>\nEl m\u00e8tode emprat per preparar la declaraci\u00f3 ha estat una autoavaluaci\u00f3.<\/p>\n<p>&nbsp;<\/p>\n<p><strong>Observacions i dades de contacte<\/strong><br \/>\nPodeu realitzar comunicacions sobre requisits d\u2019accessibilitat (article 10.2.a) del RD 1112\/2018) com per exemple:<\/p>\n<ul>\n<li>Informar sobre qualsevol possible incompliment per part d\u2019aquest lloc web<\/li>\n<li>Transmetre altres dificultats d\u2019acc\u00e9s al contingut<\/li>\n<li>Formular qualsevol altra consulta o suggeriment de millora relativa a l\u2019accessibilitat del lloc web<\/li>\n<\/ul>\n<p>A trav\u00e9s del mail\u00a0info@mecanizadosbp.com.<\/p>\n<p>&nbsp;<\/p>\n<p><strong>Contingut opcional<\/strong><br \/>\nAquest lloc web aplica els requisits de la Norma UNE-EN 301549:2022 considerant les excepcions del RD 1112\/2018.<br \/>\nLa darrera revisi\u00f3 de l\u2019accessibilitat s\u2019ha fet el mar\u00e7 del 2023.<br \/>\nEl lloc web est\u00e0 optimitzat per als navegadors Microsoft Internet Explorer 8.0 o versions superiors i les darreres versions vigents de FireFox, Safari, Opera i Google Chrome.<br \/>\nLa resoluci\u00f3 web m\u00ednima recomanada \u00e9s de 1280\u00d71024.<br \/>\nEl lloc web est\u00e0 dissenyat per a la seva visualitzaci\u00f3 Responsive, de manera que es visualitza de forma \u00f2ptima en els dispositius tablet i m\u00f2bils. En aquests dispositius est\u00e0 optimitzat per visualitzar-lo en les \u00faltimes versions vigents de Chrome for mobile, Firefox for mobile, Safari mobile, Opera Mini i navegador nadiu d\u2019Android.<\/p>\n<p>&nbsp;<\/p>\n<p>&nbsp;<\/p>\n","protected":false},"excerpt":{"rendered":"<p>MECANIZADOS BAIX PENEDES SL s\u2019ha comprom\u00e8s a fer accessible el vostre lloc web de conformitat amb el Reial Decret 1112\/2018, de 7 de setembre, sobre accessibilitat dels llocs web i aplicacions per a dispositius m\u00f2bils del sector p\u00fablic. Opcions d\u2019accessibilitat disponibles al men\u00fa desplegable a la part superior del lateral esquerre de la web: Aquesta [&hellip;]<\/p>\n","protected":false},"author":1,"featured_media":0,"parent":0,"menu_order":0,"comment_status":"closed","ping_status":"closed","template":"","meta":{"_et_pb_use_builder":"","_et_pb_old_content":"","_et_gb_content_width":"","_vp_format_video_url":"","_vp_image_focal_point":[],"footnotes":""},"class_list":["post-2536","page","type-page","status-publish","hentry"],"yoast_head":"<!-- This site is optimized with the Yoast SEO plugin v24.8.1 - https:\/\/yoast.com\/wordpress\/plugins\/seo\/ -->\n<title>Declaraci\u00f3 d&#039;Accessibilitat - Mecanizados Baix Pened\u00e9s<\/title>\n<meta name=\"robots\" content=\"index, follow, max-snippet:-1, max-image-preview:large, max-video-preview:-1\" \/>\n<link rel=\"canonical\" href=\"https:\/\/www.mecanizadosbp.com\/ca\/declaracio-daccessibilitat\/\" \/>\n<meta property=\"og:locale\" content=\"ca_ES\" \/>\n<meta property=\"og:type\" content=\"article\" \/>\n<meta property=\"og:title\" content=\"Declaraci\u00f3 d&#039;Accessibilitat - Mecanizados Baix Pened\u00e9s\" \/>\n<meta property=\"og:description\" content=\"MECANIZADOS BAIX PENEDES SL s\u2019ha comprom\u00e8s a fer accessible el vostre lloc web de conformitat amb el Reial Decret 1112\/2018, de 7 de setembre, sobre accessibilitat dels llocs web i aplicacions per a dispositius m\u00f2bils del sector p\u00fablic. Opcions d\u2019accessibilitat disponibles al men\u00fa desplegable a la part superior del lateral esquerre de la web: Aquesta [&hellip;]\" \/>\n<meta property=\"og:url\" content=\"https:\/\/www.mecanizadosbp.com\/ca\/declaracio-daccessibilitat\/\" \/>\n<meta property=\"og:site_name\" content=\"Mecanizados Baix Pened\u00e9s\" \/>\n<meta property=\"article:modified_time\" content=\"2023-06-23T10:32:37+00:00\" \/>\n<meta property=\"og:image\" content=\"https:\/\/www.mecanizadosbp.com\/wp-content\/uploads\/2023\/06\/accesibilitat.jpg\" \/>\n<meta name=\"twitter:card\" content=\"summary_large_image\" \/>\n<meta name=\"twitter:label1\" content=\"Temps estimat de lectura\" \/>\n\t<meta name=\"twitter:data1\" content=\"2 minuts\" \/>\n<script type=\"application\/ld+json\" class=\"yoast-schema-graph\">{\"@context\":\"https:\/\/schema.org\",\"@graph\":[{\"@type\":\"WebPage\",\"@id\":\"https:\/\/www.mecanizadosbp.com\/ca\/declaracio-daccessibilitat\/\",\"url\":\"https:\/\/www.mecanizadosbp.com\/ca\/declaracio-daccessibilitat\/\",\"name\":\"Declaraci\u00f3 d'Accessibilitat - Mecanizados Baix Pened\u00e9s\",\"isPartOf\":{\"@id\":\"https:\/\/www.mecanizadosbp.com\/ca\/#website\"},\"primaryImageOfPage\":{\"@id\":\"https:\/\/www.mecanizadosbp.com\/ca\/declaracio-daccessibilitat\/#primaryimage\"},\"image\":{\"@id\":\"https:\/\/www.mecanizadosbp.com\/ca\/declaracio-daccessibilitat\/#primaryimage\"},\"thumbnailUrl\":\"https:\/\/www.mecanizadosbp.com\/wp-content\/uploads\/2023\/06\/accesibilitat.jpg\",\"datePublished\":\"2023-05-16T15:26:25+00:00\",\"dateModified\":\"2023-06-23T10:32:37+00:00\",\"breadcrumb\":{\"@id\":\"https:\/\/www.mecanizadosbp.com\/ca\/declaracio-daccessibilitat\/#breadcrumb\"},\"inLanguage\":\"ca\",\"potentialAction\":[{\"@type\":\"ReadAction\",\"target\":[\"https:\/\/www.mecanizadosbp.com\/ca\/declaracio-daccessibilitat\/\"]}]},{\"@type\":\"ImageObject\",\"inLanguage\":\"ca\",\"@id\":\"https:\/\/www.mecanizadosbp.com\/ca\/declaracio-daccessibilitat\/#primaryimage\",\"url\":\"https:\/\/www.mecanizadosbp.com\/wp-content\/uploads\/2023\/06\/accesibilitat.jpg\",\"contentUrl\":\"https:\/\/www.mecanizadosbp.com\/wp-content\/uploads\/2023\/06\/accesibilitat.jpg\"},{\"@type\":\"BreadcrumbList\",\"@id\":\"https:\/\/www.mecanizadosbp.com\/ca\/declaracio-daccessibilitat\/#breadcrumb\",\"itemListElement\":[{\"@type\":\"ListItem\",\"position\":1,\"name\":\"Portada\",\"item\":\"https:\/\/www.mecanizadosbp.com\/ca\/\"},{\"@type\":\"ListItem\",\"position\":2,\"name\":\"Declaraci\u00f3 d&#8217;Accessibilitat\"}]},{\"@type\":\"WebSite\",\"@id\":\"https:\/\/www.mecanizadosbp.com\/ca\/#website\",\"url\":\"https:\/\/www.mecanizadosbp.com\/ca\/\",\"name\":\"Mecanizados Baix Pened\u00e9s\",\"description\":\"Trabajos a medida en acero inoxidable, hierro y aluminio\",\"publisher\":{\"@id\":\"https:\/\/www.mecanizadosbp.com\/ca\/#organization\"},\"alternateName\":\"Mecanizados Baix Pened\u00e9s\",\"potentialAction\":[{\"@type\":\"SearchAction\",\"target\":{\"@type\":\"EntryPoint\",\"urlTemplate\":\"https:\/\/www.mecanizadosbp.com\/ca\/?s={search_term_string}\"},\"query-input\":{\"@type\":\"PropertyValueSpecification\",\"valueRequired\":true,\"valueName\":\"search_term_string\"}}],\"inLanguage\":\"ca\"},{\"@type\":\"Organization\",\"@id\":\"https:\/\/www.mecanizadosbp.com\/ca\/#organization\",\"name\":\"Mecanizados Baix Pened\u00e9s\",\"alternateName\":\"Mecanizados Baix Pened\u00e9s\",\"url\":\"https:\/\/www.mecanizadosbp.com\/ca\/\",\"logo\":{\"@type\":\"ImageObject\",\"inLanguage\":\"ca\",\"@id\":\"https:\/\/www.mecanizadosbp.com\/ca\/#\/schema\/logo\/image\/\",\"url\":\"https:\/\/www.mecanizadosbp.com\/wp-content\/uploads\/2023\/06\/logo_menu.jpg\",\"contentUrl\":\"https:\/\/www.mecanizadosbp.com\/wp-content\/uploads\/2023\/06\/logo_menu.jpg\",\"width\":287,\"height\":90,\"caption\":\"Mecanizados Baix Pened\u00e9s\"},\"image\":{\"@id\":\"https:\/\/www.mecanizadosbp.com\/ca\/#\/schema\/logo\/image\/\"}}]}<\/script>\n<!-- \/ Yoast SEO plugin. -->","yoast_head_json":{"title":"Declaraci\u00f3 d'Accessibilitat - Mecanizados Baix Pened\u00e9s","robots":{"index":"index","follow":"follow","max-snippet":"max-snippet:-1","max-image-preview":"max-image-preview:large","max-video-preview":"max-video-preview:-1"},"canonical":"https:\/\/www.mecanizadosbp.com\/ca\/declaracio-daccessibilitat\/","og_locale":"ca_ES","og_type":"article","og_title":"Declaraci\u00f3 d'Accessibilitat - Mecanizados Baix Pened\u00e9s","og_description":"MECANIZADOS BAIX PENEDES SL s\u2019ha comprom\u00e8s a fer accessible el vostre lloc web de conformitat amb el Reial Decret 1112\/2018, de 7 de setembre, sobre accessibilitat dels llocs web i aplicacions per a dispositius m\u00f2bils del sector p\u00fablic. Opcions d\u2019accessibilitat disponibles al men\u00fa desplegable a la part superior del lateral esquerre de la web: Aquesta [&hellip;]","og_url":"https:\/\/www.mecanizadosbp.com\/ca\/declaracio-daccessibilitat\/","og_site_name":"Mecanizados Baix Pened\u00e9s","article_modified_time":"2023-06-23T10:32:37+00:00","og_image":[{"url":"https:\/\/www.mecanizadosbp.com\/wp-content\/uploads\/2023\/06\/accesibilitat.jpg","type":"","width":"","height":""}],"twitter_card":"summary_large_image","twitter_misc":{"Temps estimat de lectura":"2 minuts"},"schema":{"@context":"https:\/\/schema.org","@graph":[{"@type":"WebPage","@id":"https:\/\/www.mecanizadosbp.com\/ca\/declaracio-daccessibilitat\/","url":"https:\/\/www.mecanizadosbp.com\/ca\/declaracio-daccessibilitat\/","name":"Declaraci\u00f3 d'Accessibilitat - Mecanizados Baix Pened\u00e9s","isPartOf":{"@id":"https:\/\/www.mecanizadosbp.com\/ca\/#website"},"primaryImageOfPage":{"@id":"https:\/\/www.mecanizadosbp.com\/ca\/declaracio-daccessibilitat\/#primaryimage"},"image":{"@id":"https:\/\/www.mecanizadosbp.com\/ca\/declaracio-daccessibilitat\/#primaryimage"},"thumbnailUrl":"https:\/\/www.mecanizadosbp.com\/wp-content\/uploads\/2023\/06\/accesibilitat.jpg","datePublished":"2023-05-16T15:26:25+00:00","dateModified":"2023-06-23T10:32:37+00:00","breadcrumb":{"@id":"https:\/\/www.mecanizadosbp.com\/ca\/declaracio-daccessibilitat\/#breadcrumb"},"inLanguage":"ca","potentialAction":[{"@type":"ReadAction","target":["https:\/\/www.mecanizadosbp.com\/ca\/declaracio-daccessibilitat\/"]}]},{"@type":"ImageObject","inLanguage":"ca","@id":"https:\/\/www.mecanizadosbp.com\/ca\/declaracio-daccessibilitat\/#primaryimage","url":"https:\/\/www.mecanizadosbp.com\/wp-content\/uploads\/2023\/06\/accesibilitat.jpg","contentUrl":"https:\/\/www.mecanizadosbp.com\/wp-content\/uploads\/2023\/06\/accesibilitat.jpg"},{"@type":"BreadcrumbList","@id":"https:\/\/www.mecanizadosbp.com\/ca\/declaracio-daccessibilitat\/#breadcrumb","itemListElement":[{"@type":"ListItem","position":1,"name":"Portada","item":"https:\/\/www.mecanizadosbp.com\/ca\/"},{"@type":"ListItem","position":2,"name":"Declaraci\u00f3 d&#8217;Accessibilitat"}]},{"@type":"WebSite","@id":"https:\/\/www.mecanizadosbp.com\/ca\/#website","url":"https:\/\/www.mecanizadosbp.com\/ca\/","name":"Mecanizados Baix Pened\u00e9s","description":"Trabajos a medida en acero inoxidable, hierro y aluminio","publisher":{"@id":"https:\/\/www.mecanizadosbp.com\/ca\/#organization"},"alternateName":"Mecanizados Baix Pened\u00e9s","potentialAction":[{"@type":"SearchAction","target":{"@type":"EntryPoint","urlTemplate":"https:\/\/www.mecanizadosbp.com\/ca\/?s={search_term_string}"},"query-input":{"@type":"PropertyValueSpecification","valueRequired":true,"valueName":"search_term_string"}}],"inLanguage":"ca"},{"@type":"Organization","@id":"https:\/\/www.mecanizadosbp.com\/ca\/#organization","name":"Mecanizados Baix Pened\u00e9s","alternateName":"Mecanizados Baix Pened\u00e9s","url":"https:\/\/www.mecanizadosbp.com\/ca\/","logo":{"@type":"ImageObject","inLanguage":"ca","@id":"https:\/\/www.mecanizadosbp.com\/ca\/#\/schema\/logo\/image\/","url":"https:\/\/www.mecanizadosbp.com\/wp-content\/uploads\/2023\/06\/logo_menu.jpg","contentUrl":"https:\/\/www.mecanizadosbp.com\/wp-content\/uploads\/2023\/06\/logo_menu.jpg","width":287,"height":90,"caption":"Mecanizados Baix Pened\u00e9s"},"image":{"@id":"https:\/\/www.mecanizadosbp.com\/ca\/#\/schema\/logo\/image\/"}}]}},"_links":{"self":[{"href":"https:\/\/www.mecanizadosbp.com\/ca\/wp-json\/wp\/v2\/pages\/2536","targetHints":{"allow":["GET"]}}],"collection":[{"href":"https:\/\/www.mecanizadosbp.com\/ca\/wp-json\/wp\/v2\/pages"}],"about":[{"href":"https:\/\/www.mecanizadosbp.com\/ca\/wp-json\/wp\/v2\/types\/page"}],"author":[{"embeddable":true,"href":"https:\/\/www.mecanizadosbp.com\/ca\/wp-json\/wp\/v2\/users\/1"}],"replies":[{"embeddable":true,"href":"https:\/\/www.mecanizadosbp.com\/ca\/wp-json\/wp\/v2\/comments?post=2536"}],"version-history":[{"count":6,"href":"https:\/\/www.mecanizadosbp.com\/ca\/wp-json\/wp\/v2\/pages\/2536\/revisions"}],"predecessor-version":[{"id":2553,"href":"https:\/\/www.mecanizadosbp.com\/ca\/wp-json\/wp\/v2\/pages\/2536\/revisions\/2553"}],"wp:attachment":[{"href":"https:\/\/www.mecanizadosbp.com\/ca\/wp-json\/wp\/v2\/media?parent=2536"}],"curies":[{"name":"wp","href":"https:\/\/api.w.org\/{rel}","templated":true}]}}